{"id":52,"date":"2024-12-15T23:11:15","date_gmt":"2024-12-15T22:11:15","guid":{"rendered":"https:\/\/teconomy.si\/?page_id=52"},"modified":"2025-02-22T18:50:06","modified_gmt":"2025-02-22T17:50:06","slug":"teconomy","status":"publish","type":"page","link":"https:\/\/teconomy.si\/","title":{"rendered":"Teconomy"},"content":{"rendered":"","protected":false},"excerpt":{"rendered":"","protected":false},"author":1,"featured_media":0,"parent":0,"menu_order":0,"comment_status":"closed","ping_status":"closed","template":"wp-custom-template-teconomy","meta":{"footnotes":""},"class_list":["post-52","page","type-page","status-publish","hentry"],"yoast_head":"<!-- This site is optimized with the Yoast SEO plugin v24.5 - https:\/\/yoast.com\/wordpress\/plugins\/seo\/ -->\n<title>Teconomy \u2013 karierni sejem<\/title>\n<meta name=\"description\" content=\"Teconomy je karierni sejem, ki povezuje \u0161tudente in podjetja. Pridru\u017eite se nam 25. februarja ob 8. uri na UL FRI in spoznajte va\u0161o kariero!\" \/>\n<meta name=\"robots\" content=\"index, follow, max-snippet:-1, max-image-preview:large, max-video-preview:-1\" \/>\n<link rel=\"canonical\" href=\"https:\/\/teconomy.si\/\" \/>\n<meta property=\"og:locale\" content=\"en_US\" \/>\n<meta property=\"og:type\" content=\"article\" \/>\n<meta property=\"og:title\" content=\"Teconomy \u2013 karierni sejem\" \/>\n<meta property=\"og:description\" content=\"Teconomy je karierni sejem, ki povezuje \u0161tudente in podjetja. Pridru\u017eite se nam 25. februarja ob 8ih na FRI UL in spoznajte va\u0161o kariero!\" \/>\n<meta property=\"og:url\" content=\"https:\/\/teconomy.si\/\" \/>\n<meta property=\"og:site_name\" content=\"TECONOMY\" \/>\n<meta property=\"article:modified_time\" content=\"2025-02-22T17:50:06+00:00\" \/>\n<meta property=\"og:image\" content=\"https:\/\/teconomy.si\/wp-content\/uploads\/2025\/01\/logo.jpg\" \/>\n\t<meta property=\"og:image:width\" content=\"1600\" \/>\n\t<meta property=\"og:image:height\" content=\"1600\" \/>\n\t<meta property=\"og:image:type\" content=\"image\/jpeg\" \/>\n<meta name=\"twitter:card\" content=\"summary_large_image\" \/>\n<meta name=\"twitter:title\" content=\"Teconomy \u2013 karierni sejem\" \/>\n<meta name=\"twitter:description\" content=\"Teconomy je karierni sejem, ki povezuje \u0161tudente in podjetja. Pridru\u017eite se nam 25. februarja ob 8ih na FRI UL in spoznajte va\u0161o kariero!\" \/>\n<meta name=\"twitter:image\" content=\"https:\/\/teconomy.si\/wp-content\/uploads\/2025\/01\/logo.jpg\" \/>\n<script type=\"application\/ld+json\" class=\"yoast-schema-graph\">{\"@context\":\"https:\/\/schema.org\",\"@graph\":[{\"@type\":\"WebPage\",\"@id\":\"https:\/\/teconomy.si\/\",\"url\":\"https:\/\/teconomy.si\/\",\"name\":\"Teconomy \u2013 karierni sejem\",\"isPartOf\":{\"@id\":\"https:\/\/teconomy.si\/#website\"},\"datePublished\":\"2024-12-15T22:11:15+00:00\",\"dateModified\":\"2025-02-22T17:50:06+00:00\",\"description\":\"Teconomy je karierni sejem, ki povezuje \u0161tudente in podjetja. Pridru\u017eite se nam 25. februarja ob 8. uri na UL FRI in spoznajte va\u0161o kariero!\",\"breadcrumb\":{\"@id\":\"https:\/\/teconomy.si\/#breadcrumb\"},\"inLanguage\":\"en-US\",\"potentialAction\":[{\"@type\":\"ReadAction\",\"target\":[\"https:\/\/teconomy.si\/\"]}]},{\"@type\":\"BreadcrumbList\",\"@id\":\"https:\/\/teconomy.si\/#breadcrumb\",\"itemListElement\":[{\"@type\":\"ListItem\",\"position\":1,\"name\":\"Home\",\"item\":\"https:\/\/teconomy.si\/\"},{\"@type\":\"ListItem\",\"position\":2,\"name\":\"Teconomy\"}]},{\"@type\":\"WebSite\",\"@id\":\"https:\/\/teconomy.si\/#website\",\"url\":\"https:\/\/teconomy.si\/\",\"name\":\"Teconomy\",\"description\":\"karierni sejem\",\"publisher\":{\"@id\":\"https:\/\/teconomy.si\/#organization\"},\"potentialAction\":[{\"@type\":\"SearchAction\",\"target\":{\"@type\":\"EntryPoint\",\"urlTemplate\":\"https:\/\/teconomy.si\/?s={search_term_string}\"},\"query-input\":{\"@type\":\"PropertyValueSpecification\",\"valueRequired\":true,\"valueName\":\"search_term_string\"}}],\"inLanguage\":\"en-US\"},{\"@type\":\"Organization\",\"@id\":\"https:\/\/teconomy.si\/#organization\",\"name\":\"Teconomy\",\"url\":\"https:\/\/teconomy.si\/\",\"logo\":{\"@type\":\"ImageObject\",\"inLanguage\":\"en-US\",\"@id\":\"https:\/\/teconomy.si\/#\/schema\/logo\/image\/\",\"url\":\"https:\/\/teconomy.si\/wp-content\/uploads\/2025\/01\/logo.jpg\",\"contentUrl\":\"https:\/\/teconomy.si\/wp-content\/uploads\/2025\/01\/logo.jpg\",\"width\":1600,\"height\":1600,\"caption\":\"Teconomy\"},\"image\":{\"@id\":\"https:\/\/teconomy.si\/#\/schema\/logo\/image\/\"}}]}<\/script>\n<!-- \/ Yoast SEO plugin. -->","yoast_head_json":{"title":"Teconomy \u2013 karierni sejem","description":"Teconomy je karierni sejem, ki povezuje \u0161tudente in podjetja. Pridru\u017eite se nam 25. februarja ob 8. uri na UL FRI in spoznajte va\u0161o kariero!","robots":{"index":"index","follow":"follow","max-snippet":"max-snippet:-1","max-image-preview":"max-image-preview:large","max-video-preview":"max-video-preview:-1"},"canonical":"https:\/\/teconomy.si\/","og_locale":"en_US","og_type":"article","og_title":"Teconomy \u2013 karierni sejem","og_description":"Teconomy je karierni sejem, ki povezuje \u0161tudente in podjetja. Pridru\u017eite se nam 25. februarja ob 8ih na FRI UL in spoznajte va\u0161o kariero!","og_url":"https:\/\/teconomy.si\/","og_site_name":"TECONOMY","article_modified_time":"2025-02-22T17:50:06+00:00","og_image":[{"width":1600,"height":1600,"url":"https:\/\/teconomy.si\/wp-content\/uploads\/2025\/01\/logo.jpg","type":"image\/jpeg"}],"twitter_card":"summary_large_image","twitter_title":"Teconomy \u2013 karierni sejem","twitter_description":"Teconomy je karierni sejem, ki povezuje \u0161tudente in podjetja. Pridru\u017eite se nam 25. februarja ob 8ih na FRI UL in spoznajte va\u0161o kariero!","twitter_image":"https:\/\/teconomy.si\/wp-content\/uploads\/2025\/01\/logo.jpg","schema":{"@context":"https:\/\/schema.org","@graph":[{"@type":"WebPage","@id":"https:\/\/teconomy.si\/","url":"https:\/\/teconomy.si\/","name":"Teconomy \u2013 karierni sejem","isPartOf":{"@id":"https:\/\/teconomy.si\/#website"},"datePublished":"2024-12-15T22:11:15+00:00","dateModified":"2025-02-22T17:50:06+00:00","description":"Teconomy je karierni sejem, ki povezuje \u0161tudente in podjetja. Pridru\u017eite se nam 25. februarja ob 8. uri na UL FRI in spoznajte va\u0161o kariero!","breadcrumb":{"@id":"https:\/\/teconomy.si\/#breadcrumb"},"inLanguage":"en-US","potentialAction":[{"@type":"ReadAction","target":["https:\/\/teconomy.si\/"]}]},{"@type":"BreadcrumbList","@id":"https:\/\/teconomy.si\/#breadcrumb","itemListElement":[{"@type":"ListItem","position":1,"name":"Home","item":"https:\/\/teconomy.si\/"},{"@type":"ListItem","position":2,"name":"Teconomy"}]},{"@type":"WebSite","@id":"https:\/\/teconomy.si\/#website","url":"https:\/\/teconomy.si\/","name":"Teconomy","description":"karierni sejem","publisher":{"@id":"https:\/\/teconomy.si\/#organization"},"potentialAction":[{"@type":"SearchAction","target":{"@type":"EntryPoint","urlTemplate":"https:\/\/teconomy.si\/?s={search_term_string}"},"query-input":{"@type":"PropertyValueSpecification","valueRequired":true,"valueName":"search_term_string"}}],"inLanguage":"en-US"},{"@type":"Organization","@id":"https:\/\/teconomy.si\/#organization","name":"Teconomy","url":"https:\/\/teconomy.si\/","logo":{"@type":"ImageObject","inLanguage":"en-US","@id":"https:\/\/teconomy.si\/#\/schema\/logo\/image\/","url":"https:\/\/teconomy.si\/wp-content\/uploads\/2025\/01\/logo.jpg","contentUrl":"https:\/\/teconomy.si\/wp-content\/uploads\/2025\/01\/logo.jpg","width":1600,"height":1600,"caption":"Teconomy"},"image":{"@id":"https:\/\/teconomy.si\/#\/schema\/logo\/image\/"}}]}},"jetpack_sharing_enabled":true,"_links":{"self":[{"href":"https:\/\/teconomy.si\/index.php?rest_route=\/wp\/v2\/pages\/52","targetHints":{"allow":["GET"]}}],"collection":[{"href":"https:\/\/teconomy.si\/index.php?rest_route=\/wp\/v2\/pages"}],"about":[{"href":"https:\/\/teconomy.si\/index.php?rest_route=\/wp\/v2\/types\/page"}],"author":[{"embeddable":true,"href":"https:\/\/teconomy.si\/index.php?rest_route=\/wp\/v2\/users\/1"}],"replies":[{"embeddable":true,"href":"https:\/\/teconomy.si\/index.php?rest_route=%2Fwp%2Fv2%2Fcomments&post=52"}],"version-history":[{"count":2,"href":"https:\/\/teconomy.si\/index.php?rest_route=\/wp\/v2\/pages\/52\/revisions"}],"predecessor-version":[{"id":551,"href":"https:\/\/teconomy.si\/index.php?rest_route=\/wp\/v2\/pages\/52\/revisions\/551"}],"wp:attachment":[{"href":"https:\/\/teconomy.si\/index.php?rest_route=%2Fwp%2Fv2%2Fmedia&parent=52"}],"curies":[{"name":"wp","href":"https:\/\/api.w.org\/{rel}","templated":true}]}}